{"id":262,"date":"2025-01-06T23:50:38","date_gmt":"2025-01-06T23:50:38","guid":{"rendered":"https:\/\/casaneptuno.com\/?page_id=262"},"modified":"2025-03-18T22:58:17","modified_gmt":"2025-03-18T22:58:17","slug":"localizacao","status":"publish","type":"page","link":"https:\/\/casaneptuno.com\/index.php\/localizacao\/","title":{"rendered":"LOCALIZA\u00c7\u00c3O"},"content":{"rendered":"\t\t<div data-elementor-type=\"wp-page\" data-elementor-id=\"262\" class=\"elementor elementor-262\" data-elementor-post-type=\"page\">\n\t\t\t\t\t\t<section class=\"elementor-section elementor-top-section elementor-element elementor-element-f65e459 elementor-section-height-min-height elementor-section-boxed elementor-section-height-default elementor-section-items-middle\" data-id=\"f65e459\" data-element_type=\"section\" data-e-type=\"section\" data-settings=\"{&quot;background_background&quot;:&quot;classic&quot;,&quot;background_motion_fx_motion_fx_scrolling&quot;:&quot;yes&quot;,&quot;background_motion_fx_translateY_effect&quot;:&quot;yes&quot;,&quot;background_motion_fx_scale_effect&quot;:&quot;yes&quot;,&quot;background_motion_fx_translateY_speed&quot;:{&quot;unit&quot;:&quot;px&quot;,&quot;size&quot;:4.2,&quot;sizes&quot;:[]},&quot;background_motion_fx_translateY_affectedRange&quot;:{&quot;unit&quot;:&quot;%&quot;,&quot;size&quot;:&quot;&quot;,&quot;sizes&quot;:{&quot;start&quot;:0,&quot;end&quot;:26}},&quot;background_motion_fx_scale_direction&quot;:&quot;out-in&quot;,&quot;background_motion_fx_scale_speed&quot;:{&quot;unit&quot;:&quot;px&quot;,&quot;size&quot;:4,&quot;sizes&quot;:[]},&quot;background_motion_fx_scale_range&quot;:{&quot;unit&quot;:&quot;%&quot;,&quot;size&quot;:&quot;&quot;,&quot;sizes&quot;:{&quot;start&quot;:20,&quot;end&quot;:80}},&quot;background_motion_fx_devices&quot;:[&quot;desktop&quot;,&quot;tablet&quot;,&quot;mobile&quot;]}\">\n\t\t\t\t\t\t\t<div class=\"elementor-background-overlay\"><\/div>\n\t\t\t\t\t\t\t<div class=\"elementor-container elementor-column-gap-default\">\n\t\t\t\t\t<div class=\"elementor-column elementor-col-100 elementor-top-column elementor-element elementor-element-dd780b0\" data-id=\"dd780b0\" data-element_type=\"column\" data-e-type=\"column\">\n\t\t\t<div class=\"elementor-widget-wrap elementor-element-populated\">\n\t\t\t\t\t\t<section class=\"elementor-section elementor-inner-section elementor-element elementor-element-1596bba elementor-section-boxed elementor-section-height-default elementor-section-height-default\" data-id=\"1596bba\" data-element_type=\"section\" data-e-type=\"section\">\n\t\t\t\t\t\t<div class=\"elementor-container elementor-column-gap-default\">\n\t\t\t\t\t<div class=\"elementor-column elementor-col-100 elementor-inner-column elementor-element elementor-element-be5e71d\" data-id=\"be5e71d\" data-element_type=\"column\" data-e-type=\"column\">\n\t\t\t<div class=\"elementor-widget-wrap elementor-element-populated\">\n\t\t\t\t\t\t<div class=\"elementor-element elementor-element-606f84a elementor-widget elementor-widget-menu-anchor\" data-id=\"606f84a\" data-element_type=\"widget\" data-e-type=\"widget\" data-widget_type=\"menu-anchor.default\">\n\t\t\t\t<div class=\"elementor-widget-container\">\n\t\t\t\t\t\t\t<div class=\"elementor-menu-anchor\" id=\"home\"><\/div>\n\t\t\t\t\t\t<\/div>\n\t\t\t\t<\/div>\n\t\t\t\t<div class=\"elementor-element elementor-element-4b68035 elementor-invisible elementor-widget elementor-widget-heading\" data-id=\"4b68035\" data-element_type=\"widget\" data-e-type=\"widget\" data-settings=\"{&quot;_animation&quot;:&quot;fadeIn&quot;,&quot;_animation_delay&quot;:100}\" data-widget_type=\"heading.default\">\n\t\t\t\t<div class=\"elementor-widget-container\">\n\t\t\t\t\t<h1 class=\"elementor-heading-title elementor-size-default\">localiza\u00e7\u00e3o<\/h1>\t\t\t\t<\/div>\n\t\t\t\t<\/div>\n\t\t\t\t<div class=\"elementor-element elementor-element-fb1e325 elementor-invisible elementor-widget elementor-widget-heading\" data-id=\"fb1e325\" data-element_type=\"widget\" data-e-type=\"widget\" data-settings=\"{&quot;_animation&quot;:&quot;fadeIn&quot;,&quot;_animation_delay&quot;:200}\" data-widget_type=\"heading.default\">\n\t\t\t\t<div class=\"elementor-widget-container\">\n\t\t\t\t\t<h2 class=\"elementor-heading-title elementor-size-default\">Booking &amp; Location<\/h2>\t\t\t\t<\/div>\n\t\t\t\t<\/div>\n\t\t\t\t<div class=\"elementor-element elementor-element-0214990 elementor-widget-divider--view-line elementor-invisible elementor-widget elementor-widget-divider\" data-id=\"0214990\" data-element_type=\"widget\" data-e-type=\"widget\" data-settings=\"{&quot;_animation&quot;:&quot;fadeIn&quot;,&quot;_animation_delay&quot;:300}\" data-widget_type=\"divider.default\">\n\t\t\t\t<div class=\"elementor-widget-container\">\n\t\t\t\t\t\t\t<div class=\"elementor-divider\">\n\t\t\t<span class=\"elementor-divider-separator\">\n\t\t\t\t\t\t<\/span>\n\t\t<\/div>\n\t\t\t\t\t\t<\/div>\n\t\t\t\t<\/div>\n\t\t\t\t\t<\/div>\n\t\t<\/div>\n\t\t\t\t\t<\/div>\n\t\t<\/section>\n\t\t\t\t<div class=\"elementor-element elementor-element-db19739 elementor-invisible elementor-widget elementor-widget-heading\" data-id=\"db19739\" data-element_type=\"widget\" data-e-type=\"widget\" data-settings=\"{&quot;_animation&quot;:&quot;fadeIn&quot;,&quot;_animation_delay&quot;:400}\" data-widget_type=\"heading.default\">\n\t\t\t\t<div class=\"elementor-widget-container\">\n\t\t\t\t\t<h2 class=\"elementor-heading-title elementor-size-default\">Travessa da C\u00e2mara N. 19, 9560-039 Lagoa, Portugal\n<\/h2>\t\t\t\t<\/div>\n\t\t\t\t<\/div>\n\t\t\t\t\t<\/div>\n\t\t<\/div>\n\t\t\t\t\t<\/div>\n\t\t<\/section>\n\t\t<div class=\"elementor-element elementor-element-e7364f5 e-con-full e-flex e-con e-parent\" data-id=\"e7364f5\" data-element_type=\"container\" data-e-type=\"container\">\n\t\t\t\t<div class=\"elementor-element elementor-element-a9ee2f4 elementor-widget elementor-widget-image\" data-id=\"a9ee2f4\" data-element_type=\"widget\" data-e-type=\"widget\" data-widget_type=\"image.default\">\n\t\t\t\t<div class=\"elementor-widget-container\">\n\t\t\t\t\t\t\t\t\t\t\t\t\t\t\t<img fetchpriority=\"high\" decoding=\"async\" width=\"2500\" height=\"1562\" src=\"https:\/\/casaneptuno.com\/wp-content\/uploads\/2025\/03\/lagoa-santa-cruz.jpg\" class=\"attachment-full size-full wp-image-1125\" alt=\"\" srcset=\"https:\/\/casaneptuno.com\/wp-content\/uploads\/2025\/03\/lagoa-santa-cruz.jpg 2500w, https:\/\/casaneptuno.com\/wp-content\/uploads\/2025\/03\/lagoa-santa-cruz-300x187.jpg 300w, https:\/\/casaneptuno.com\/wp-content\/uploads\/2025\/03\/lagoa-santa-cruz-1024x640.jpg 1024w, https:\/\/casaneptuno.com\/wp-content\/uploads\/2025\/03\/lagoa-santa-cruz-768x480.jpg 768w, https:\/\/casaneptuno.com\/wp-content\/uploads\/2025\/03\/lagoa-santa-cruz-1536x960.jpg 1536w, https:\/\/casaneptuno.com\/wp-content\/uploads\/2025\/03\/lagoa-santa-cruz-2048x1280.jpg 2048w\" sizes=\"(max-width: 2500px) 100vw, 2500px\" \/>\t\t\t\t\t\t\t\t\t\t\t\t\t\t\t<\/div>\n\t\t\t\t<\/div>\n\t\t\t\t<\/div>\n\t\t\t\t<section class=\"elementor-section elementor-top-section elementor-element elementor-element-4735ec7f elementor-section-full_width elementor-section-height-default elementor-section-height-default\" data-id=\"4735ec7f\" data-element_type=\"section\" data-e-type=\"section\" data-settings=\"{&quot;background_background&quot;:&quot;classic&quot;}\">\n\t\t\t\t\t\t\t<div class=\"elementor-background-overlay\"><\/div>\n\t\t\t\t\t\t\t<div class=\"elementor-container elementor-column-gap-default\">\n\t\t\t\t\t<div class=\"elementor-column elementor-col-100 elementor-top-column elementor-element elementor-element-23b94ba3\" data-id=\"23b94ba3\" data-element_type=\"column\" data-e-type=\"column\">\n\t\t\t<div class=\"elementor-widget-wrap elementor-element-populated\">\n\t\t\t\t\t\t<div class=\"elementor-element elementor-element-2537dce elementor-widget elementor-widget-google_maps\" data-id=\"2537dce\" data-element_type=\"widget\" data-e-type=\"widget\" data-widget_type=\"google_maps.default\">\n\t\t\t\t<div class=\"elementor-widget-container\">\n\t\t\t\t\t\t\t<div class=\"elementor-custom-embed\">\n\t\t\t<iframe loading=\"lazy\"\n\t\t\t\t\tsrc=\"https:\/\/maps.google.com\/maps?q=Travessa%20da%20C%C3%A2mara%2C%209560-039%20Lagoa%2C%20Portugal%20&#038;t=m&#038;z=11&#038;output=embed&#038;iwloc=near\"\n\t\t\t\t\ttitle=\"Travessa da C\u00e2mara, 9560-039 Lagoa, Portugal \"\n\t\t\t\t\taria-label=\"Travessa da C\u00e2mara, 9560-039 Lagoa, Portugal \"\n\t\t\t><\/iframe>\n\t\t<\/div>\n\t\t\t\t\t\t<\/div>\n\t\t\t\t<\/div>\n\t\t\t\t\t<\/div>\n\t\t<\/div>\n\t\t\t\t\t<\/div>\n\t\t<\/section>\n\t\t<div class=\"elementor-element elementor-element-e723f48 e-con-full e-flex e-con e-parent\" data-id=\"e723f48\" data-element_type=\"container\" data-e-type=\"container\">\n\t\t\t\t<div class=\"elementor-element elementor-element-695dca1 elementor-widget elementor-widget-image\" data-id=\"695dca1\" data-element_type=\"widget\" data-e-type=\"widget\" data-widget_type=\"image.default\">\n\t\t\t\t<div class=\"elementor-widget-container\">\n\t\t\t\t\t\t\t\t\t\t\t\t\t\t\t<img decoding=\"async\" width=\"2560\" height=\"1176\" src=\"https:\/\/casaneptuno.com\/wp-content\/uploads\/2025\/03\/casa-neptunoIMG_2952-Pano-scaled.jpg\" class=\"attachment-full size-full wp-image-995\" alt=\"\" srcset=\"https:\/\/casaneptuno.com\/wp-content\/uploads\/2025\/03\/casa-neptunoIMG_2952-Pano-scaled.jpg 2560w, https:\/\/casaneptuno.com\/wp-content\/uploads\/2025\/03\/casa-neptunoIMG_2952-Pano-300x138.jpg 300w, https:\/\/casaneptuno.com\/wp-content\/uploads\/2025\/03\/casa-neptunoIMG_2952-Pano-1024x471.jpg 1024w, https:\/\/casaneptuno.com\/wp-content\/uploads\/2025\/03\/casa-neptunoIMG_2952-Pano-768x353.jpg 768w, https:\/\/casaneptuno.com\/wp-content\/uploads\/2025\/03\/casa-neptunoIMG_2952-Pano-1536x706.jpg 1536w, https:\/\/casaneptuno.com\/wp-content\/uploads\/2025\/03\/casa-neptunoIMG_2952-Pano-2048x941.jpg 2048w\" sizes=\"(max-width: 2560px) 100vw, 2560px\" \/>\t\t\t\t\t\t\t\t\t\t\t\t\t\t\t<\/div>\n\t\t\t\t<\/div>\n\t\t\t\t<\/div>\n\t\t\t\t<\/div>\n\t\t","protected":false},"excerpt":{"rendered":"<p>localiza\u00e7\u00e3o Booking &amp; Location Travessa da C\u00e2mara N. 19, 9560-039 Lagoa, Portugal<\/p>\n","protected":false},"author":1,"featured_media":0,"parent":0,"menu_order":0,"comment_status":"closed","ping_status":"closed","template":"elementor_header_footer","meta":{"footnotes":""},"class_list":["post-262","page","type-page","status-publish","hentry"],"yoast_head":"<!-- This site is optimized with the Yoast SEO plugin v27.4 - https:\/\/yoast.com\/product\/yoast-seo-wordpress\/ -->\n<title>LOCALIZA\u00c7\u00c3O - Casa Neptuno<\/title>\n<meta name=\"robots\" content=\"index, follow, max-snippet:-1, max-image-preview:large, max-video-preview:-1\" \/>\n<link rel=\"canonical\" href=\"https:\/\/casaneptuno.com\/index.php\/localizacao\/\" \/>\n<meta property=\"og:locale\" content=\"en_US\" \/>\n<meta property=\"og:type\" content=\"article\" \/>\n<meta property=\"og:title\" content=\"LOCALIZA\u00c7\u00c3O - Casa Neptuno\" \/>\n<meta property=\"og:description\" content=\"localiza\u00e7\u00e3o Booking &amp; Location Travessa da C\u00e2mara N. 19, 9560-039 Lagoa, Portugal\" \/>\n<meta property=\"og:url\" content=\"https:\/\/casaneptuno.com\/index.php\/localizacao\/\" \/>\n<meta property=\"og:site_name\" content=\"Casa Neptuno\" \/>\n<meta property=\"article:modified_time\" content=\"2025-03-18T22:58:17+00:00\" \/>\n<meta property=\"og:image\" content=\"https:\/\/casaneptuno.com\/wp-content\/uploads\/2025\/03\/lagoa-santa-cruz.jpg\" \/>\n\t<meta property=\"og:image:width\" content=\"2500\" \/>\n\t<meta property=\"og:image:height\" content=\"1562\" \/>\n\t<meta property=\"og:image:type\" content=\"image\/jpeg\" \/>\n<meta name=\"twitter:card\" content=\"summary_large_image\" \/>\n<meta name=\"twitter:label1\" content=\"Est. reading time\" \/>\n\t<meta name=\"twitter:data1\" content=\"1 minute\" \/>\n<script type=\"application\/ld+json\" class=\"yoast-schema-graph\">{\"@context\":\"https:\\\/\\\/schema.org\",\"@graph\":[{\"@type\":\"WebPage\",\"@id\":\"https:\\\/\\\/casaneptuno.com\\\/index.php\\\/localizacao\\\/\",\"url\":\"https:\\\/\\\/casaneptuno.com\\\/index.php\\\/localizacao\\\/\",\"name\":\"LOCALIZA\u00c7\u00c3O - Casa Neptuno\",\"isPartOf\":{\"@id\":\"https:\\\/\\\/casaneptuno.com\\\/#website\"},\"primaryImageOfPage\":{\"@id\":\"https:\\\/\\\/casaneptuno.com\\\/index.php\\\/localizacao\\\/#primaryimage\"},\"image\":{\"@id\":\"https:\\\/\\\/casaneptuno.com\\\/index.php\\\/localizacao\\\/#primaryimage\"},\"thumbnailUrl\":\"https:\\\/\\\/casaneptuno.com\\\/wp-content\\\/uploads\\\/2025\\\/03\\\/lagoa-santa-cruz.jpg\",\"datePublished\":\"2025-01-06T23:50:38+00:00\",\"dateModified\":\"2025-03-18T22:58:17+00:00\",\"breadcrumb\":{\"@id\":\"https:\\\/\\\/casaneptuno.com\\\/index.php\\\/localizacao\\\/#breadcrumb\"},\"inLanguage\":\"en-US\",\"potentialAction\":[{\"@type\":\"ReadAction\",\"target\":[\"https:\\\/\\\/casaneptuno.com\\\/index.php\\\/localizacao\\\/\"]}]},{\"@type\":\"ImageObject\",\"inLanguage\":\"en-US\",\"@id\":\"https:\\\/\\\/casaneptuno.com\\\/index.php\\\/localizacao\\\/#primaryimage\",\"url\":\"https:\\\/\\\/casaneptuno.com\\\/wp-content\\\/uploads\\\/2025\\\/03\\\/lagoa-santa-cruz.jpg\",\"contentUrl\":\"https:\\\/\\\/casaneptuno.com\\\/wp-content\\\/uploads\\\/2025\\\/03\\\/lagoa-santa-cruz.jpg\",\"width\":2500,\"height\":1562},{\"@type\":\"BreadcrumbList\",\"@id\":\"https:\\\/\\\/casaneptuno.com\\\/index.php\\\/localizacao\\\/#breadcrumb\",\"itemListElement\":[{\"@type\":\"ListItem\",\"position\":1,\"name\":\"Home\",\"item\":\"https:\\\/\\\/casaneptuno.com\\\/\"},{\"@type\":\"ListItem\",\"position\":2,\"name\":\"LOCALIZA\u00c7\u00c3O\"}]},{\"@type\":\"WebSite\",\"@id\":\"https:\\\/\\\/casaneptuno.com\\\/#website\",\"url\":\"https:\\\/\\\/casaneptuno.com\\\/\",\"name\":\"Casa Neptuno\",\"description\":\"Alojamento Local\",\"publisher\":{\"@id\":\"https:\\\/\\\/casaneptuno.com\\\/#organization\"},\"potentialAction\":[{\"@type\":\"SearchAction\",\"target\":{\"@type\":\"EntryPoint\",\"urlTemplate\":\"https:\\\/\\\/casaneptuno.com\\\/?s={search_term_string}\"},\"query-input\":{\"@type\":\"PropertyValueSpecification\",\"valueRequired\":true,\"valueName\":\"search_term_string\"}}],\"inLanguage\":\"en-US\"},{\"@type\":\"Organization\",\"@id\":\"https:\\\/\\\/casaneptuno.com\\\/#organization\",\"name\":\"Casa Neptuno\",\"url\":\"https:\\\/\\\/casaneptuno.com\\\/\",\"logo\":{\"@type\":\"ImageObject\",\"inLanguage\":\"en-US\",\"@id\":\"https:\\\/\\\/casaneptuno.com\\\/#\\\/schema\\\/logo\\\/image\\\/\",\"url\":\"https:\\\/\\\/casaneptuno.com\\\/wp-content\\\/uploads\\\/2025\\\/01\\\/cropped-DSC_0308-scaled-1.jpg\",\"contentUrl\":\"https:\\\/\\\/casaneptuno.com\\\/wp-content\\\/uploads\\\/2025\\\/01\\\/cropped-DSC_0308-scaled-1.jpg\",\"width\":2559,\"height\":732,\"caption\":\"Casa Neptuno\"},\"image\":{\"@id\":\"https:\\\/\\\/casaneptuno.com\\\/#\\\/schema\\\/logo\\\/image\\\/\"}}]}<\/script>\n<!-- \/ Yoast SEO plugin. -->","yoast_head_json":{"title":"LOCALIZA\u00c7\u00c3O - Casa Neptuno","robots":{"index":"index","follow":"follow","max-snippet":"max-snippet:-1","max-image-preview":"max-image-preview:large","max-video-preview":"max-video-preview:-1"},"canonical":"https:\/\/casaneptuno.com\/index.php\/localizacao\/","og_locale":"en_US","og_type":"article","og_title":"LOCALIZA\u00c7\u00c3O - Casa Neptuno","og_description":"localiza\u00e7\u00e3o Booking &amp; Location Travessa da C\u00e2mara N. 19, 9560-039 Lagoa, Portugal","og_url":"https:\/\/casaneptuno.com\/index.php\/localizacao\/","og_site_name":"Casa Neptuno","article_modified_time":"2025-03-18T22:58:17+00:00","og_image":[{"width":2500,"height":1562,"url":"https:\/\/casaneptuno.com\/wp-content\/uploads\/2025\/03\/lagoa-santa-cruz.jpg","type":"image\/jpeg"}],"twitter_card":"summary_large_image","twitter_misc":{"Est. reading time":"1 minute"},"schema":{"@context":"https:\/\/schema.org","@graph":[{"@type":"WebPage","@id":"https:\/\/casaneptuno.com\/index.php\/localizacao\/","url":"https:\/\/casaneptuno.com\/index.php\/localizacao\/","name":"LOCALIZA\u00c7\u00c3O - Casa Neptuno","isPartOf":{"@id":"https:\/\/casaneptuno.com\/#website"},"primaryImageOfPage":{"@id":"https:\/\/casaneptuno.com\/index.php\/localizacao\/#primaryimage"},"image":{"@id":"https:\/\/casaneptuno.com\/index.php\/localizacao\/#primaryimage"},"thumbnailUrl":"https:\/\/casaneptuno.com\/wp-content\/uploads\/2025\/03\/lagoa-santa-cruz.jpg","datePublished":"2025-01-06T23:50:38+00:00","dateModified":"2025-03-18T22:58:17+00:00","breadcrumb":{"@id":"https:\/\/casaneptuno.com\/index.php\/localizacao\/#breadcrumb"},"inLanguage":"en-US","potentialAction":[{"@type":"ReadAction","target":["https:\/\/casaneptuno.com\/index.php\/localizacao\/"]}]},{"@type":"ImageObject","inLanguage":"en-US","@id":"https:\/\/casaneptuno.com\/index.php\/localizacao\/#primaryimage","url":"https:\/\/casaneptuno.com\/wp-content\/uploads\/2025\/03\/lagoa-santa-cruz.jpg","contentUrl":"https:\/\/casaneptuno.com\/wp-content\/uploads\/2025\/03\/lagoa-santa-cruz.jpg","width":2500,"height":1562},{"@type":"BreadcrumbList","@id":"https:\/\/casaneptuno.com\/index.php\/localizacao\/#breadcrumb","itemListElement":[{"@type":"ListItem","position":1,"name":"Home","item":"https:\/\/casaneptuno.com\/"},{"@type":"ListItem","position":2,"name":"LOCALIZA\u00c7\u00c3O"}]},{"@type":"WebSite","@id":"https:\/\/casaneptuno.com\/#website","url":"https:\/\/casaneptuno.com\/","name":"Casa Neptuno","description":"Alojamento Local","publisher":{"@id":"https:\/\/casaneptuno.com\/#organization"},"potentialAction":[{"@type":"SearchAction","target":{"@type":"EntryPoint","urlTemplate":"https:\/\/casaneptuno.com\/?s={search_term_string}"},"query-input":{"@type":"PropertyValueSpecification","valueRequired":true,"valueName":"search_term_string"}}],"inLanguage":"en-US"},{"@type":"Organization","@id":"https:\/\/casaneptuno.com\/#organization","name":"Casa Neptuno","url":"https:\/\/casaneptuno.com\/","logo":{"@type":"ImageObject","inLanguage":"en-US","@id":"https:\/\/casaneptuno.com\/#\/schema\/logo\/image\/","url":"https:\/\/casaneptuno.com\/wp-content\/uploads\/2025\/01\/cropped-DSC_0308-scaled-1.jpg","contentUrl":"https:\/\/casaneptuno.com\/wp-content\/uploads\/2025\/01\/cropped-DSC_0308-scaled-1.jpg","width":2559,"height":732,"caption":"Casa Neptuno"},"image":{"@id":"https:\/\/casaneptuno.com\/#\/schema\/logo\/image\/"}}]}},"_links":{"self":[{"href":"https:\/\/casaneptuno.com\/index.php\/wp-json\/wp\/v2\/pages\/262","targetHints":{"allow":["GET"]}}],"collection":[{"href":"https:\/\/casaneptuno.com\/index.php\/wp-json\/wp\/v2\/pages"}],"about":[{"href":"https:\/\/casaneptuno.com\/index.php\/wp-json\/wp\/v2\/types\/page"}],"author":[{"embeddable":true,"href":"https:\/\/casaneptuno.com\/index.php\/wp-json\/wp\/v2\/users\/1"}],"replies":[{"embeddable":true,"href":"https:\/\/casaneptuno.com\/index.php\/wp-json\/wp\/v2\/comments?post=262"}],"version-history":[{"count":49,"href":"https:\/\/casaneptuno.com\/index.php\/wp-json\/wp\/v2\/pages\/262\/revisions"}],"predecessor-version":[{"id":1140,"href":"https:\/\/casaneptuno.com\/index.php\/wp-json\/wp\/v2\/pages\/262\/revisions\/1140"}],"wp:attachment":[{"href":"https:\/\/casaneptuno.com\/index.php\/wp-json\/wp\/v2\/media?parent=262"}],"curies":[{"name":"wp","href":"https:\/\/api.w.org\/{rel}","templated":true}]}}